{"id":514,"date":"2024-09-13T06:35:47","date_gmt":"2024-09-13T06:35:47","guid":{"rendered":"https:\/\/drergunsevil.com\/endoskopische-traenensackchirurgie\/"},"modified":"2025-07-22T11:34:57","modified_gmt":"2025-07-22T11:34:57","slug":"endoskopische-traenensackchirurgie","status":"publish","type":"page","link":"https:\/\/drergunsevil.com\/de\/endoskopische-traenensackchirurgie\/","title":{"rendered":"Endoskopische Tr\u00e4nensackchirurgie"},"content":{"rendered":"\t\t<div data-elementor-type=\"wp-page\" data-elementor-id=\"514\" class=\"elementor elementor-514 elementor-116\" data-elementor-post-type=\"page\">\n\t\t\t\t\t\t<section class=\"elementor-section elementor-top-section elementor-element elementor-element-676fe9a1 elementor-section-boxed elementor-section-height-default elementor-section-height-default\" data-id=\"676fe9a1\" data-element_type=\"section\" data-settings=\"{&quot;background_background&quot;:&quot;classic&quot;}\">\n\t\t\t\t\t\t<div class=\"elementor-container elementor-column-gap-default\">\n\t\t\t\t\t<div class=\"elementor-column elementor-col-100 elementor-top-column elementor-element elementor-element-41c7a815\" data-id=\"41c7a815\" data-element_type=\"column\">\n\t\t\t<div class=\"elementor-widget-wrap elementor-element-populated\">\n\t\t\t\t\t\t<div class=\"elementor-element elementor-element-2f78f36 elementor-widget elementor-widget-heading\" data-id=\"2f78f36\" data-element_type=\"widget\" data-widget_type=\"heading.default\">\n\t\t\t\t<div class=\"elementor-widget-container\">\n\t\t\t<h1 class=\"elementor-heading-title elementor-size-default\">Endoskopische Tr\u00e4nensackchirurgie<\/h1>\t\t<\/div>\n\t\t\t\t<\/div>\n\t\t\t\t\t<\/div>\n\t\t<\/div>\n\t\t\t\t\t<\/div>\n\t\t<\/section>\n\t\t\t\t<section class=\"elementor-section elementor-top-section elementor-element elementor-element-8c1405f elementor-section-boxed elementor-section-height-default elementor-section-height-default\" data-id=\"8c1405f\" data-element_type=\"section\">\n\t\t\t\t\t\t<div class=\"elementor-container elementor-column-gap-default\">\n\t\t\t\t\t<div class=\"elementor-column elementor-col-100 elementor-top-column elementor-element elementor-element-7f353ea8\" data-id=\"7f353ea8\" data-element_type=\"column\">\n\t\t\t<div class=\"elementor-widget-wrap elementor-element-populated\">\n\t\t\t\t\t\t<div class=\"elementor-element elementor-element-6ac2fdf5 elementor-toc--minimized-on-tablet elementor-widget elementor-widget-table-of-contents\" data-id=\"6ac2fdf5\" data-element_type=\"widget\" data-settings=\"{&quot;exclude_headings_by_selector&quot;:[],&quot;headings_by_tags&quot;:[&quot;h2&quot;,&quot;h3&quot;,&quot;h4&quot;,&quot;h5&quot;,&quot;h6&quot;],&quot;marker_view&quot;:&quot;numbers&quot;,&quot;minimize_box&quot;:&quot;yes&quot;,&quot;minimized_on&quot;:&quot;tablet&quot;,&quot;hierarchical_view&quot;:&quot;yes&quot;,&quot;min_height&quot;:{&quot;unit&quot;:&quot;px&quot;,&quot;size&quot;:&quot;&quot;,&quot;sizes&quot;:[]},&quot;min_height_tablet&quot;:{&quot;unit&quot;:&quot;px&quot;,&quot;size&quot;:&quot;&quot;,&quot;sizes&quot;:[]},&quot;min_height_mobile&quot;:{&quot;unit&quot;:&quot;px&quot;,&quot;size&quot;:&quot;&quot;,&quot;sizes&quot;:[]}}\" data-widget_type=\"table-of-contents.default\">\n\t\t\t\t<div class=\"elementor-widget-container\">\n\t\t\t\t\t<div class=\"elementor-toc__header\">\n\t\t\t<h4 class=\"elementor-toc__header-title\">\n\t\t\t\tInhalt Detail\t\t\t<\/h4>\n\t\t\t\t\t\t\t<div class=\"elementor-toc__toggle-button elementor-toc__toggle-button--expand\" role=\"button\" tabindex=\"0\" aria-controls=\"elementor-toc__6ac2fdf5\" aria-expanded=\"true\" aria-label=\"Inhaltsverzeichnis \u00f6ffnen\"><svg aria-hidden=\"true\" class=\"e-font-icon-svg e-fas-chevron-down\" viewBox=\"0 0 448 512\" xmlns=\"http:\/\/www.w3.org\/2000\/svg\"><path d=\"M207.029 381.476L12.686 187.132c-9.373-9.373-9.373-24.569 0-33.941l22.667-22.667c9.357-9.357 24.522-9.375 33.901-.04L224 284.505l154.745-154.021c9.379-9.335 24.544-9.317 33.901.04l22.667 22.667c9.373 9.373 9.373 24.569 0 33.941L240.971 381.476c-9.373 9.372-24.569 9.372-33.942 0z\"><\/path><\/svg><\/div>\n\t\t\t\t<div class=\"elementor-toc__toggle-button elementor-toc__toggle-button--collapse\" role=\"button\" tabindex=\"0\" aria-controls=\"elementor-toc__6ac2fdf5\" aria-expanded=\"true\" aria-label=\"Inhaltsverzeichnis schlie\u00dfen\"><svg aria-hidden=\"true\" class=\"e-font-icon-svg e-fas-chevron-up\" viewBox=\"0 0 448 512\" xmlns=\"http:\/\/www.w3.org\/2000\/svg\"><path d=\"M240.971 130.524l194.343 194.343c9.373 9.373 9.373 24.569 0 33.941l-22.667 22.667c-9.357 9.357-24.522 9.375-33.901.04L224 227.495 69.255 381.516c-9.379 9.335-24.544 9.317-33.901-.04l-22.667-22.667c-9.373-9.373-9.373-24.569 0-33.941L207.03 130.525c9.372-9.373 24.568-9.373 33.941-.001z\"><\/path><\/svg><\/div>\n\t\t\t\t\t<\/div>\n\t\t<div id=\"elementor-toc__6ac2fdf5\" class=\"elementor-toc__body\">\n\t\t\t<div class=\"elementor-toc__spinner-container\">\n\t\t\t\t<svg class=\"elementor-toc__spinner eicon-animation-spin e-font-icon-svg e-eicon-loading\" aria-hidden=\"true\" viewBox=\"0 0 1000 1000\" xmlns=\"http:\/\/www.w3.org\/2000\/svg\"><path d=\"M500 975V858C696 858 858 696 858 500S696 142 500 142 142 304 142 500H25C25 237 238 25 500 25S975 237 975 500 763 975 500 975Z\"><\/path><\/svg>\t\t\t<\/div>\n\t\t<\/div>\n\t\t\t\t<\/div>\n\t\t\t\t<\/div>\n\t\t\t\t<div class=\"elementor-element elementor-element-69554c9f elementor-widget elementor-widget-text-editor\" data-id=\"69554c9f\" data-element_type=\"widget\" data-widget_type=\"text-editor.default\">\n\t\t\t\t<div class=\"elementor-widget-container\">\n\t\t\t\t\t\t\t<h3><strong>Endoskopische Tr\u00e4nendr\u00fcsenblasen-Chirurgie (DCR)<\/strong><\/h3>\n<p>Die endoskopische Tr\u00e4nensackchirurgie ist ein minimal-invasiver chirurgischer Eingriff zur \u00d6ffnung verstopfter Tr\u00e4nenkan\u00e4le und zur Wiederherstellung des Tr\u00e4nenabflusses. Tr\u00e4nen halten die Oberfl\u00e4che des Auges feucht und sauber. Normalerweise flie\u00dfen die Tr\u00e4nen durch die Tr\u00e4nenkan\u00e4le im inneren Augenwinkel in die Nasenh\u00f6hle ab. Wenn diese Kan\u00e4le jedoch verstopft sind, sammeln sich die Tr\u00e4nen im Auge und das Problem des st\u00e4ndigen Tr\u00e4nenflusses (Epiphora) tritt auf. Die endoskopische Tr\u00e4nensackchirurgie ist eine der effektivsten und modernsten Behandlungsmethoden zur Beseitigung dieser Verstopfung.    <\/p>\n<h3><strong>Was ist eine Obstruktion der Tr\u00e4nenkan\u00e4le und warum tritt sie auf?<\/strong><\/h3>\n<p>Eine Obstruktion des Tr\u00e4nenkanals bezieht sich auf Erkrankungen, die den Abfluss der Tr\u00e4nen in die Nasenh\u00f6hle verhindern. Diese Obstruktion ist gekennzeichnet durch anhaltend tr\u00e4nende Augen, Schwellungen im Bereich des Tr\u00e4nensacks und wiederkehrende Infektionen. Die Hauptursachen f\u00fcr eine Obstruktion sind:  <\/p>\n<ul>\n<li><strong>Angeborene Anomalien:<\/strong> Manche Menschen haben angeborene verschlossene Tr\u00e4nenkan\u00e4le.<\/li>\n<li><strong>Infektionen:<\/strong> Chronische Tr\u00e4nensackinfektionen (Dacryocystitis) k\u00f6nnen zu einer Verstopfung der Tr\u00e4nenkan\u00e4le f\u00fchren.<\/li>\n<li><strong>Traumata<\/strong> St\u00f6\u00dfe oder Unf\u00e4lle in der Nasen- und Augengegend k\u00f6nnen die Tr\u00e4nenkan\u00e4le besch\u00e4digen.<\/li>\n<li><strong>Nasennebenh\u00f6hlenentz\u00fcndung und Nasenverstopfung:<\/strong> Nasennebenh\u00f6hlenentz\u00fcndungen und Nasenverstopfung k\u00f6nnen den Tr\u00e4nenkanal beeintr\u00e4chtigen und den Abfluss verhindern.<\/li>\n<li><strong>Alterung<\/strong> Mit zunehmendem Alter k\u00f6nnen sich die Tr\u00e4nenkan\u00e4le verengen und ihre Funktion verlieren.<\/li>\n<\/ul>\n<h3><strong>Symptome einer Tr\u00e4nenwegsobstruktion<\/strong><\/h3>\n<p>Eine Obstruktion des Tr\u00e4nenkanals ist in der Regel durch st\u00e4ndiges Tr\u00e4nen und Unbehagen im Auge gekennzeichnet. H\u00e4ufige Symptome dieser Erkrankung sind: <\/p>\n<ul>\n<li><strong>St\u00e4ndiges Tr\u00e4nken des Auges:<\/strong> \u00dcberm\u00e4\u00dfiges Tr\u00e4nen des Auges, besonders bei kaltem Wetter oder unter dem Einfluss von Wind.<\/li>\n<li><strong>R\u00f6tung und Schwellung um die Augen:<\/strong> Im Bereich des Tr\u00e4nensacks k\u00f6nnen Schwellungen, R\u00f6tungen und Empfindlichkeit auftreten.<\/li>\n<li><strong>Ausfluss aus den Augen:<\/strong> Ein gelblicher oder wei\u00dfer Ausfluss kann aufgrund einer Verstopfung im Auge auftreten.<\/li>\n<li><strong>Tr\u00e4nensack-Infektion:<\/strong> Eine Infektion des Tr\u00e4nensacks kann h\u00e4ufig auftreten und sich durch Schmerzen und Schwellungen bemerkbar machen.<\/li>\n<\/ul>\n<h3><strong>Was ist die endoskopische Tr\u00e4nensackchirurgie (DCR)?<\/strong><\/h3>\n<p>Die endoskopische Tr\u00e4nensackchirurgie (endoskopische Dacryocystorhinostomie, kurz DCR) ist ein chirurgischer Eingriff, der durch die Nase durchgef\u00fchrt wird, um den Tr\u00e4nenkanal zu entstauen. Im Gegensatz zu herk\u00f6mmlichen chirurgischen Methoden werden bei der endoskopischen DCR die Tr\u00e4nenkan\u00e4le durch die Nasenh\u00f6hle ge\u00f6ffnet, ohne dass ein Einschnitt im Gesicht oder in der Haut erforderlich ist. Diese Methode bietet weniger Schmerzen und einen schnelleren Heilungsprozess, da sie minimalinvasiv ist.  <\/p>\n<h3><strong>Pr\u00e4operative Vorbereitung<\/strong><\/h3>\n<p>Vor der endoskopischen DCR-Operation werden die Beschwerden des Patienten und der Zustand des Tr\u00e4nenkanals eingehend untersucht. Was bei diesem Prozess getan werden muss: <\/p>\n<ul>\n<li><strong>Augen- und Nasenuntersuchung:<\/strong> Der Zustand der Tr\u00e4nenkan\u00e4le, der Ort und die Ursache der Obstruktion werden durch eine detaillierte Untersuchung festgestellt. Auch die intranasalen Strukturen werden durch eine endoskopische Untersuchung beurteilt. <\/li>\n<li><strong>Tr\u00e4nenkanaltests:<\/strong> Um die Durchl\u00e4ssigkeit der Tr\u00e4nenkan\u00e4le zu beurteilen, werden Tests durchgef\u00fchrt, bei denen dem Tr\u00e4nenkanal Fl\u00fcssigkeit zugef\u00fchrt wird.<\/li>\n<li><strong>Bildgebung:<\/strong> Eine Computertomographie (CT) oder Magnetresonanztomographie (MRT) kann durchgef\u00fchrt werden, um die Struktur des Tr\u00e4nensacks und der Tr\u00e4nenkan\u00e4le zu untersuchen.<\/li>\n<li><strong>Einnahme von Medikamenten:<\/strong> Die Einnahme von Blutverd\u00fcnnern sollte vor der Operation ausgesetzt werden. Dar\u00fcber hinaus kann die Einnahme von Antibiotika vor der Operation empfohlen werden, um das Infektionsrisiko zu verringern. <\/li>\n<\/ul>\n<h3><strong>Wie wird die endoskopische DCR-Operation durchgef\u00fchrt?<\/strong><\/h3>\n<p>Die endoskopische DCR-Operation wird unter Vollnarkose oder lokaler An\u00e4sthesie durchgef\u00fchrt und dauert etwa 30-60 Minuten. W\u00e4hrend des Eingriffs wird ein d\u00fcnnes Endoskop in die Nase eingef\u00fchrt und eine Kamera verwendet, um den Tr\u00e4nensack zu erreichen. Die wichtigsten Schritte der Operation sind wie folgt:  <\/p>\n<ol>\n<li><strong>Platzieren des Endoskops:<\/strong> Das in die Nase eingef\u00fchrte Endoskop erm\u00f6glicht es dem Chirurgen, den blockierten Teil des Tr\u00e4nenkanals deutlich zu sehen.<\/li>\n<li><strong>\u00d6ffnen des Kanals:<\/strong> Der verstopfte Tr\u00e4nenkanal wird geweitet, indem eine kleine Fenster\u00f6ffnung in die Nasenh\u00f6hle geschaffen wird. Bei diesem Verfahren k\u00f6nnen Laser oder chirurgische Instrumente eingesetzt werden. <\/li>\n<li><strong>Einsetzen eines Stents:<\/strong> Ein d\u00fcnner Silikonschlauch (Stent) wird in den Kanal eingef\u00fchrt, um die Tr\u00e4nenkan\u00e4le offen zu halten. Dieser Stent unterst\u00fctzt die Kan\u00e4le, damit sie w\u00e4hrend des Heilungsprozesses offen bleiben. <\/li>\n<li><strong>Beendigung des Eingriffs:<\/strong> Nachdem die \u00d6ffnung des Kanals abgeschlossen ist, wird das Endoskop entfernt und der Eingriff beendet. Die Silikonschl\u00e4uche werden vom Arzt nach ein paar Wochen oder Monaten entfernt. <\/li>\n<\/ol>\n<h3><strong>Postoperativer Genesungsprozess<\/strong><\/h3>\n<p>Die Erholungsphase nach einer endoskopischen DCR-Operation ist in der Regel angenehm, und die Patienten k\u00f6nnen schon nach kurzer Zeit wieder ihrem Alltag nachgehen. Zu ber\u00fccksichtigende Punkte: <\/p>\n<ul>\n<li><strong>Schwellung und Unbehagen:<\/strong> Nach der Operation kann es zu leichten Schwellungen, Unwohlsein und Verstopfung der Nase kommen. Diese Auswirkungen gehen innerhalb weniger Tage zur\u00fcck. <\/li>\n<li><strong>Nasenreinigung:<\/strong> In der postoperativen Phase sollten Sie darauf achten, die Nase zu reinigen. Sie k\u00f6nnen die vom Arzt empfohlenen Nasensp\u00fclungen verwenden. <\/li>\n<li><strong>Verwendung von Medikamenten:<\/strong> Antibiotika und entz\u00fcndungshemmende Medikamente k\u00f6nnen eingesetzt werden, um Infektionen w\u00e4hrend des Heilungsprozesses zu verhindern.<\/li>\n<li><strong>Stent-Pflege:<\/strong> Der in den Kanal eingesetzte Silikonstent sollte an seinem Platz bleiben. Die Stents werden vom Arzt entfernt, wenn der Heilungsprozess abgeschlossen ist. <\/li>\n<\/ul>\n<h3><strong>Risiken und Nebenwirkungen<\/strong><\/h3>\n<p>Obwohl die endoskopische DCR-Operation ein minimal-invasiver Eingriff ist, kann sie einige Risiken und Nebenwirkungen mit sich bringen:<\/p>\n<ul>\n<li><strong>Infektion:<\/strong> Nach der Operation besteht das Risiko einer Infektion, daher sollten die Pflegeanweisungen des Arztes befolgt werden.<\/li>\n<li><strong>Blutungen<\/strong> Nasenbluten kann in seltenen F\u00e4llen vorkommen.<\/li>\n<li><strong>Wiederkehrende Verstopfung:<\/strong> In seltenen F\u00e4llen kann der Tr\u00e4nenkanal nach einer Operation erneut verstopft sein.<\/li>\n<\/ul>\n\t\t\t\t\t\t<\/div>\n\t\t\t\t<\/div>\n\t\t\t\t\t<\/div>\n\t\t<\/div>\n\t\t\t\t\t<\/div>\n\t\t<\/section>\n\t\t\t\t<\/div>\n\t\t","protected":false},"excerpt":{"rendered":"<p>Endoskopische Tr\u00e4nensackchirurgie Inhalt Detail Endoskopische Tr\u00e4nendr\u00fcsenblasen-Chirurgie (DCR) Die endoskopische Tr\u00e4nensackchirurgie ist ein minimal-invasiver chirurgischer Eingriff zur \u00d6ffnung verstopfter Tr\u00e4nenkan\u00e4le und zur Wiederherstellung des Tr\u00e4nenabflusses. Tr\u00e4nen halten die Oberfl\u00e4che des Auges feucht und sauber. Normalerweise flie\u00dfen die Tr\u00e4nen durch die Tr\u00e4nenkan\u00e4le im inneren Augenwinkel in die Nasenh\u00f6hle ab. Wenn diese Kan\u00e4le jedoch verstopft sind, sammeln sich [&hellip;]<\/p>\n","protected":false},"author":1,"featured_media":0,"parent":0,"menu_order":0,"comment_status":"closed","ping_status":"closed","template":"","meta":{"rank_math_lock_modified_date":false,"footnotes":""},"class_list":["post-514","page","type-page","status-publish","hentry"],"_links":{"self":[{"href":"https:\/\/drergunsevil.com\/de\/wp-json\/wp\/v2\/pages\/514","targetHints":{"allow":["GET"]}}],"collection":[{"href":"https:\/\/drergunsevil.com\/de\/wp-json\/wp\/v2\/pages"}],"about":[{"href":"https:\/\/drergunsevil.com\/de\/wp-json\/wp\/v2\/types\/page"}],"author":[{"embeddable":true,"href":"https:\/\/drergunsevil.com\/de\/wp-json\/wp\/v2\/users\/1"}],"replies":[{"embeddable":true,"href":"https:\/\/drergunsevil.com\/de\/wp-json\/wp\/v2\/comments?post=514"}],"version-history":[{"count":1,"href":"https:\/\/drergunsevil.com\/de\/wp-json\/wp\/v2\/pages\/514\/revisions"}],"predecessor-version":[{"id":515,"href":"https:\/\/drergunsevil.com\/de\/wp-json\/wp\/v2\/pages\/514\/revisions\/515"}],"wp:attachment":[{"href":"https:\/\/drergunsevil.com\/de\/wp-json\/wp\/v2\/media?parent=514"}],"curies":[{"name":"wp","href":"https:\/\/api.w.org\/{rel}","templated":true}]}}