{"id":516,"date":"2024-09-13T06:34:50","date_gmt":"2024-09-13T06:34:50","guid":{"rendered":"https:\/\/drergunsevil.com\/endoskopische-nasennebenhoehlenchirurgie\/"},"modified":"2025-07-22T11:35:00","modified_gmt":"2025-07-22T11:35:00","slug":"endoskopische-nasennebenhoehlenchirurgie","status":"publish","type":"page","link":"https:\/\/drergunsevil.com\/de\/endoskopische-nasennebenhoehlenchirurgie\/","title":{"rendered":"Endoskopische Nasennebenh\u00f6hlenchirurgie"},"content":{"rendered":"\t\t<div data-elementor-type=\"wp-page\" data-elementor-id=\"516\" class=\"elementor elementor-516 elementor-110\" data-elementor-post-type=\"page\">\n\t\t\t\t\t\t<section class=\"elementor-section elementor-top-section elementor-element elementor-element-676fe9a1 elementor-section-boxed elementor-section-height-default elementor-section-height-default\" data-id=\"676fe9a1\" data-element_type=\"section\" data-settings=\"{&quot;background_background&quot;:&quot;classic&quot;}\">\n\t\t\t\t\t\t<div class=\"elementor-container elementor-column-gap-default\">\n\t\t\t\t\t<div class=\"elementor-column elementor-col-100 elementor-top-column elementor-element elementor-element-41c7a815\" data-id=\"41c7a815\" data-element_type=\"column\">\n\t\t\t<div class=\"elementor-widget-wrap elementor-element-populated\">\n\t\t\t\t\t\t<div class=\"elementor-element elementor-element-2f78f36 elementor-widget elementor-widget-heading\" data-id=\"2f78f36\" data-element_type=\"widget\" data-widget_type=\"heading.default\">\n\t\t\t\t<div class=\"elementor-widget-container\">\n\t\t\t<h1 class=\"elementor-heading-title elementor-size-default\">Endoskopische Nasennebenh\u00f6hlenchirurgie<\/h1>\t\t<\/div>\n\t\t\t\t<\/div>\n\t\t\t\t\t<\/div>\n\t\t<\/div>\n\t\t\t\t\t<\/div>\n\t\t<\/section>\n\t\t\t\t<section class=\"elementor-section elementor-top-section elementor-element elementor-element-8c1405f elementor-section-boxed elementor-section-height-default elementor-section-height-default\" data-id=\"8c1405f\" data-element_type=\"section\">\n\t\t\t\t\t\t<div class=\"elementor-container elementor-column-gap-default\">\n\t\t\t\t\t<div class=\"elementor-column elementor-col-100 elementor-top-column elementor-element elementor-element-7f353ea8\" data-id=\"7f353ea8\" data-element_type=\"column\">\n\t\t\t<div class=\"elementor-widget-wrap elementor-element-populated\">\n\t\t\t\t\t\t<div class=\"elementor-element elementor-element-6ac2fdf5 elementor-toc--minimized-on-tablet elementor-widget elementor-widget-table-of-contents\" data-id=\"6ac2fdf5\" data-element_type=\"widget\" data-settings=\"{&quot;exclude_headings_by_selector&quot;:[],&quot;headings_by_tags&quot;:[&quot;h2&quot;,&quot;h3&quot;,&quot;h4&quot;,&quot;h5&quot;,&quot;h6&quot;],&quot;marker_view&quot;:&quot;numbers&quot;,&quot;minimize_box&quot;:&quot;yes&quot;,&quot;minimized_on&quot;:&quot;tablet&quot;,&quot;hierarchical_view&quot;:&quot;yes&quot;,&quot;min_height&quot;:{&quot;unit&quot;:&quot;px&quot;,&quot;size&quot;:&quot;&quot;,&quot;sizes&quot;:[]},&quot;min_height_tablet&quot;:{&quot;unit&quot;:&quot;px&quot;,&quot;size&quot;:&quot;&quot;,&quot;sizes&quot;:[]},&quot;min_height_mobile&quot;:{&quot;unit&quot;:&quot;px&quot;,&quot;size&quot;:&quot;&quot;,&quot;sizes&quot;:[]}}\" data-widget_type=\"table-of-contents.default\">\n\t\t\t\t<div class=\"elementor-widget-container\">\n\t\t\t\t\t<div class=\"elementor-toc__header\">\n\t\t\t<h4 class=\"elementor-toc__header-title\">\n\t\t\t\tInhalt Detail\t\t\t<\/h4>\n\t\t\t\t\t\t\t<div class=\"elementor-toc__toggle-button elementor-toc__toggle-button--expand\" role=\"button\" tabindex=\"0\" aria-controls=\"elementor-toc__6ac2fdf5\" aria-expanded=\"true\" aria-label=\"Inhaltsverzeichnis \u00f6ffnen\"><svg aria-hidden=\"true\" class=\"e-font-icon-svg e-fas-chevron-down\" viewBox=\"0 0 448 512\" xmlns=\"http:\/\/www.w3.org\/2000\/svg\"><path d=\"M207.029 381.476L12.686 187.132c-9.373-9.373-9.373-24.569 0-33.941l22.667-22.667c9.357-9.357 24.522-9.375 33.901-.04L224 284.505l154.745-154.021c9.379-9.335 24.544-9.317 33.901.04l22.667 22.667c9.373 9.373 9.373 24.569 0 33.941L240.971 381.476c-9.373 9.372-24.569 9.372-33.942 0z\"><\/path><\/svg><\/div>\n\t\t\t\t<div class=\"elementor-toc__toggle-button elementor-toc__toggle-button--collapse\" role=\"button\" tabindex=\"0\" aria-controls=\"elementor-toc__6ac2fdf5\" aria-expanded=\"true\" aria-label=\"Inhaltsverzeichnis schlie\u00dfen\"><svg aria-hidden=\"true\" class=\"e-font-icon-svg e-fas-chevron-up\" viewBox=\"0 0 448 512\" xmlns=\"http:\/\/www.w3.org\/2000\/svg\"><path d=\"M240.971 130.524l194.343 194.343c9.373 9.373 9.373 24.569 0 33.941l-22.667 22.667c-9.357 9.357-24.522 9.375-33.901.04L224 227.495 69.255 381.516c-9.379 9.335-24.544 9.317-33.901-.04l-22.667-22.667c-9.373-9.373-9.373-24.569 0-33.941L207.03 130.525c9.372-9.373 24.568-9.373 33.941-.001z\"><\/path><\/svg><\/div>\n\t\t\t\t\t<\/div>\n\t\t<div id=\"elementor-toc__6ac2fdf5\" class=\"elementor-toc__body\">\n\t\t\t<div class=\"elementor-toc__spinner-container\">\n\t\t\t\t<svg class=\"elementor-toc__spinner eicon-animation-spin e-font-icon-svg e-eicon-loading\" aria-hidden=\"true\" viewBox=\"0 0 1000 1000\" xmlns=\"http:\/\/www.w3.org\/2000\/svg\"><path d=\"M500 975V858C696 858 858 696 858 500S696 142 500 142 142 304 142 500H25C25 237 238 25 500 25S975 237 975 500 763 975 500 975Z\"><\/path><\/svg>\t\t\t<\/div>\n\t\t<\/div>\n\t\t\t\t<\/div>\n\t\t\t\t<\/div>\n\t\t\t\t<div class=\"elementor-element elementor-element-69554c9f elementor-widget elementor-widget-text-editor\" data-id=\"69554c9f\" data-element_type=\"widget\" data-widget_type=\"text-editor.default\">\n\t\t\t\t<div class=\"elementor-widget-container\">\n\t\t\t\t\t\t\t<h3><strong>Endoskopische Sinus-Chirurgie (ESC)<\/strong><\/h3>\n<p>Die endoskopische Nasennebenh\u00f6hlenchirurgie (ESC) ist eine minimal-invasive chirurgische Methode, die bei der Behandlung von Problemen wie Verstopfung, chronischer Nasennebenh\u00f6hlenentz\u00fcndung und Polypen in der Nase und den Nebenh\u00f6hlen eingesetzt wird. Die Nasennebenh\u00f6hlen sind luftgef\u00fcllte Hohlr\u00e4ume im Sch\u00e4del, die sich um die Nasenh\u00f6hle herum befinden. Eine Entz\u00fcndung oder Verstopfung dieser Nebenh\u00f6hlen verursacht Atembeschwerden, Kopfschmerzen und eine Beeintr\u00e4chtigung der allgemeinen Lebensqualit\u00e4t. Mit der endoskopischen Nasennebenh\u00f6hlenchirurgie k\u00f6nnen die Nebenh\u00f6hlen durch Einschnitte in der Nase ge\u00f6ffnet und ihre normale Funktion wiederhergestellt werden.   <\/p>\n<h3><strong>Warum wird die endoskopische Nasennebenh\u00f6hlenchirurgie durchgef\u00fchrt?<\/strong><\/h3>\n<p>Die endoskopische Nasennebenh\u00f6hlenchirurgie ist eine der ersten Wahl bei der chirurgischen Behandlung von Nasennebenh\u00f6hlen- und Nasenproblemen. Zu den Gr\u00fcnden f\u00fcr die Anwendung dieser chirurgischen Methode geh\u00f6ren die folgenden: <\/p>\n<ul>\n<li><strong>Chronische Sinusitis:<\/strong> Bei Entz\u00fcndungen und Verstopfungen der Nasennebenh\u00f6hlen kann ein chirurgischer Eingriff erforderlich sein, wenn antibiotische und medikament\u00f6se Behandlungen unzureichend sind.<\/li>\n<li><strong>Nasennebenh\u00f6hlen-Polypen<\/strong> Polypen in der Nase und den Nebenh\u00f6hlen verursachen Atembeschwerden, da sie die Atemwege blockieren. Die ESC ist eine effektive Methode zur Entfernung von Polypen. <\/li>\n<li><strong>Nasenverstopfung:<\/strong> Es wird verwendet, um die Verstopfung der Nase zu lindern, die durch strukturelle Probleme oder Zysten und Tumore in den Nebenh\u00f6hlen verursacht wird.<\/li>\n<li><strong>Sinus-Infektionen:<\/strong> Bei der Behandlung wiederkehrender Nasennebenh\u00f6hleninfektionen kann ein chirurgischer Eingriff vorgenommen werden, um die Nasennebenh\u00f6hlen zu \u00f6ffnen und f\u00fcr eine Drainage zu sorgen.<\/li>\n<li><strong>Strukturelle St\u00f6rungen der Nasennebenh\u00f6hlen:<\/strong> Angeborene oder posttraumatische strukturelle St\u00f6rungen der Nasennebenh\u00f6hlen k\u00f6nnen durch endoskopische Chirurgie korrigiert werden.<\/li>\n<\/ul>\n<h3><strong>Vorbereitung vor einer endoskopischen Nasennebenh\u00f6hlenoperation<\/strong><\/h3>\n<p>In der pr\u00e4operativen Phase wird der Zustand des Patienten eingehend untersucht und die chirurgische Planung durchgef\u00fchrt. Was Sie vor der ESC-Operation beachten sollten: <\/p>\n<ul>\n<li><strong>Klinische Untersuchung und Bildgebung:<\/strong> Der Zustand der Nasennebenh\u00f6hlen des Patienten wird durch intranasale Endoskopie und Computertomographie (CT) untersucht. Auf diese Weise werden Ort, Ursache und Ausma\u00df der Obstruktion bestimmt. <\/li>\n<li><strong>Einnahme von Medikamenten:<\/strong> Die Einnahme von Blutverd\u00fcnnern sollte vor der Operation eingestellt werden. Dar\u00fcber hinaus k\u00f6nnen vom Arzt empfohlene Antibiotika und entz\u00fcndungshemmende Medikamente eingenommen werden. <\/li>\n<li><strong>Rauchen und Alkohol:<\/strong> Rauchen und Alkohol k\u00f6nnen den postoperativen Heilungsprozess nachteilig beeinflussen. Es wird daher empfohlen, in der pr\u00e4operativen Phase mit dem Rauchen und dem Alkoholkonsum aufzuh\u00f6ren. <\/li>\n<\/ul>\n<h3><strong>Wie wird die endoskopische Nasennebenh\u00f6hlenchirurgie durchgef\u00fchrt?<\/strong><\/h3>\n<p>Die endoskopische Nasennebenh\u00f6hlenoperation wird in der Regel unter Vollnarkose durchgef\u00fchrt und kann 1-2 Stunden dauern. Das w\u00e4hrend der Operation in die Nasenh\u00f6hle eingef\u00fchrte Endoskop erm\u00f6glicht es dem Chirurgen, die innere Struktur der Nasennebenh\u00f6hlen im Detail zu untersuchen. Die grundlegenden Schritte des Eingriffs sind wie folgt:  <\/p>\n<ol>\n<li><strong>Platzierung des Endoskops:<\/strong> Das in die Nase eingef\u00fchrte Endoskop erm\u00f6glicht es dem Chirurgen, mit Hilfe einer Kamera in die Nasennebenh\u00f6hlen zu sehen und einzugreifen.<\/li>\n<li><strong>\u00d6ffnung der Nasennebenh\u00f6hlen<\/strong> Der Polyp, das entz\u00fcndete Gewebe oder die Knochenstruktur, die die Obstruktion verursachen, werden mit Hilfe spezieller chirurgischer Instrumente entfernt. Auf diese Weise wird die normale Luft- und Schleimdrainage der Nebenh\u00f6hlen wiederhergestellt. <\/li>\n<li><strong>Organisation des Gewebes:<\/strong> Falls erforderlich, wird die innere Struktur der Nebenh\u00f6hlen korrigiert, um \u00d6ffnungen zu schaffen, durch die der Schleim leicht abflie\u00dfen kann. Dieses Verfahren verhindert, dass die Nebenh\u00f6hlen erneut verstopfen. <\/li>\n<li><strong>Abschluss des Eingriffs:<\/strong> Nachdem die \u00d6ffnung und Reinigung der Nasennebenh\u00f6hlen abgeschlossen ist, wird das Endoskop entfernt und das Innere der Nase \u00fcberpr\u00fcft. Nach der Operation k\u00f6nnen Tampons oder spezielle saugf\u00e4hige Schw\u00e4mme in die Nase gelegt werden. <\/li>\n<\/ol>\n<h3><strong>Postoperativer Genesungsprozess<\/strong><\/h3>\n<p>Die Erholungsphase nach einer endoskopischen Nasennebenh\u00f6hlenoperation ist in der Regel angenehm, und die Patienten k\u00f6nnen schon nach kurzer Zeit wieder ihren t\u00e4glichen Aktivit\u00e4ten nachgehen. Zu ber\u00fccksichtigende Punkte: <\/p>\n<ul>\n<li><strong>Schwellung und Verstopfung:<\/strong> Nach der Operation kann es zu einer leichten Schwellung und Verstopfung der Nase kommen. Dieser Zustand geht innerhalb weniger Tage zur\u00fcck und die Nasenatmung kehrt zur Normalit\u00e4t zur\u00fcck. <\/li>\n<li><strong>Reinigung der Nase:<\/strong> In den ersten Wochen sollte die Nase sauber gehalten werden, indem Sie sie mit speziellen L\u00f6sungen waschen. Dies hilft dabei, Schleim und Blutgerinnsel aus der Nase zu entfernen. <\/li>\n<li><strong>Einnahme von Medikamenten:<\/strong> Vom Arzt empfohlene Antibiotika, Schmerzmittel und Nasensprays sollten regelm\u00e4\u00dfig eingenommen werden, um postoperative Infektionen zu verhindern und Schwellungen zu reduzieren.<\/li>\n<li><strong>Aktivit\u00e4ten:<\/strong> Nach der Operation sollten k\u00f6rperliche Aktivit\u00e4ten, die die Nase und den Nasennebenh\u00f6hlenbereich sch\u00e4digen k\u00f6nnen, sowie schweres Heben und Anspannen vermieden werden.<\/li>\n<\/ul>\n<h3><strong>Risiken und Nebenwirkungen<\/strong><\/h3>\n<p>Obwohl es sich bei der endoskopischen Nasennebenh\u00f6hlenchirurgie um einen minimalinvasiven Eingriff handelt, kann er einige Risiken und Nebenwirkungen haben:<\/p>\n<ul>\n<li><strong>Blutungen<\/strong> Postoperative intranasale Blutungen k\u00f6nnen vorkommen, wenn auch selten. In diesem Fall helfen Nasentampons, die Blutung zu stoppen. <\/li>\n<li><strong>Infektion<\/strong> Es besteht das Risiko einer Infektion der Nase und der Nebenh\u00f6hlen. Um eine Infektion zu vermeiden, sollten Sie die vom Arzt empfohlenen Medikamente und Reinigungsanweisungen befolgen. <\/li>\n<li><strong>Krustenbildung in der Nase:<\/strong> Nach der Operation kann es in der Nase zu Verkrustungen und Trockenheit kommen. Nasensp\u00fclungen werden verwendet, um diesen Zustand zu lindern. <\/li>\n<li><strong>Verletzung<\/strong> Aufgrund der engen anatomischen Beziehung der Nasennebenh\u00f6hlen zum Auge, zum Gehirn und zu den gro\u00dfen Gef\u00e4\u00dfen besteht in seltenen F\u00e4llen die Gefahr einer Verletzung des umliegenden Gewebes. Es ist daher wichtig, dass die Operation von einem erfahrenen Chirurgen durchgef\u00fchrt wird. <\/li>\n<\/ul>\n\t\t\t\t\t\t<\/div>\n\t\t\t\t<\/div>\n\t\t\t\t\t<\/div>\n\t\t<\/div>\n\t\t\t\t\t<\/div>\n\t\t<\/section>\n\t\t\t\t<\/div>\n\t\t","protected":false},"excerpt":{"rendered":"<p>Endoskopische Nasennebenh\u00f6hlenchirurgie Inhalt Detail Endoskopische Sinus-Chirurgie (ESC) Die endoskopische Nasennebenh\u00f6hlenchirurgie (ESC) ist eine minimal-invasive chirurgische Methode, die bei der Behandlung von Problemen wie Verstopfung, chronischer Nasennebenh\u00f6hlenentz\u00fcndung und Polypen in der Nase und den Nebenh\u00f6hlen eingesetzt wird. Die Nasennebenh\u00f6hlen sind luftgef\u00fcllte Hohlr\u00e4ume im Sch\u00e4del, die sich um die Nasenh\u00f6hle herum befinden. Eine Entz\u00fcndung oder Verstopfung dieser [&hellip;]<\/p>\n","protected":false},"author":1,"featured_media":0,"parent":0,"menu_order":0,"comment_status":"closed","ping_status":"closed","template":"","meta":{"rank_math_lock_modified_date":false,"footnotes":""},"class_list":["post-516","page","type-page","status-publish","hentry"],"_links":{"self":[{"href":"https:\/\/drergunsevil.com\/de\/wp-json\/wp\/v2\/pages\/516","targetHints":{"allow":["GET"]}}],"collection":[{"href":"https:\/\/drergunsevil.com\/de\/wp-json\/wp\/v2\/pages"}],"about":[{"href":"https:\/\/drergunsevil.com\/de\/wp-json\/wp\/v2\/types\/page"}],"author":[{"embeddable":true,"href":"https:\/\/drergunsevil.com\/de\/wp-json\/wp\/v2\/users\/1"}],"replies":[{"embeddable":true,"href":"https:\/\/drergunsevil.com\/de\/wp-json\/wp\/v2\/comments?post=516"}],"version-history":[{"count":1,"href":"https:\/\/drergunsevil.com\/de\/wp-json\/wp\/v2\/pages\/516\/revisions"}],"predecessor-version":[{"id":517,"href":"https:\/\/drergunsevil.com\/de\/wp-json\/wp\/v2\/pages\/516\/revisions\/517"}],"wp:attachment":[{"href":"https:\/\/drergunsevil.com\/de\/wp-json\/wp\/v2\/media?parent=516"}],"curies":[{"name":"wp","href":"https:\/\/api.w.org\/{rel}","templated":true}]}}